{"id":290,"date":"2025-05-05T10:38:04","date_gmt":"2025-05-05T13:38:04","guid":{"rendered":"https:\/\/rjdhospitalar.com.br\/?page_id=290"},"modified":"2025-05-06T12:09:24","modified_gmt":"2025-05-06T15:09:24","slug":"sobre-nos","status":"publish","type":"page","link":"https:\/\/rjdhospitalar.com.br\/?page_id=290","title":{"rendered":"Sobre N\u00f3s"},"content":{"rendered":"\n<div class=\"blockart-section blockart-section-4f969ccf\"><div class=\"blockart-container\"><div class=\"blockart-section-inner\">\n<div class=\"blockart-column blockart-column-264887be\"><div class=\"blockart-column-inner\">\n<p class=\"has-medium-font-size\"><strong>Sobre N\u00f3s<\/strong><\/p>\n\n\n\n<p style=\"font-size:14px\">Fundada em 2002,<\/p>\n\n\n\n<p style=\"font-size:14px\">Empresa especializada no ramo hospitalar.<\/p>\n\n\n\n<p style=\"font-size:14px\">Focada na \u00e1rea particular, \u00f3rg\u00e3os p\u00fablicos e federais, parceira de outros distribuidores. Super atualizada no mercado, se destaca na parceria e log\u00edstica com os clientes, din\u00e2mica e imp\u00e1vida, sempre busca excel\u00eancia nos atendimentos para com nossos clientes.<\/p>\n\n\n\n<p style=\"font-size:14px\">Nosso carro-chefe s\u00e3o os fios de suturas Bioline, no qual somos distribuidor master. Estamos sempre pensando no futuro em inovar a cada dia em nosso atendimento e na rapidez de nossas entregas, que j\u00e1 \u00e9 refer\u00eancia no mercado.<\/p>\n<\/div><\/div>\n\n\n\n<div class=\"blockart-column blockart-column-39cf997d\"><div class=\"blockart-column-inner\">\n<figure class=\"blockart-image blockart-image-d615d88d\"><img loading=\"lazy\" decoding=\"async\" width=\"1600\" height=\"1349\" class=\"wp-image-291 hover-effect-zoom-in filter-none mask mask-none\" src=\"https:\/\/rjdhospitalar.com.br\/wp-content\/uploads\/2025\/05\/WhatsApp-Image-2025-05-05-at-10.28.40.jpeg\" alt=\"\" srcset=\"https:\/\/rjdhospitalar.com.br\/wp-content\/uploads\/2025\/05\/WhatsApp-Image-2025-05-05-at-10.28.40.jpeg 1600w, https:\/\/rjdhospitalar.com.br\/wp-content\/uploads\/2025\/05\/WhatsApp-Image-2025-05-05-at-10.28.40-300x253.jpeg 300w, https:\/\/rjdhospitalar.com.br\/wp-content\/uploads\/2025\/05\/WhatsApp-Image-2025-05-05-at-10.28.40-1024x863.jpeg 1024w, https:\/\/rjdhospitalar.com.br\/wp-content\/uploads\/2025\/05\/WhatsApp-Image-2025-05-05-at-10.28.40-768x648.jpeg 768w, https:\/\/rjdhospitalar.com.br\/wp-content\/uploads\/2025\/05\/WhatsApp-Image-2025-05-05-at-10.28.40-1536x1295.jpeg 1536w\" sizes=\"auto, (max-width: 1600px) 100vw, 1600px\" \/><\/figure>\n<\/div><\/div>\n<\/div><\/div><\/div>\n","protected":false},"excerpt":{"rendered":"","protected":false},"author":1,"featured_media":0,"parent":0,"menu_order":0,"comment_status":"closed","ping_status":"closed","template":"","meta":{"footnotes":""},"class_list":["post-290","page","type-page","status-publish","hentry"],"_links":{"self":[{"href":"https:\/\/rjdhospitalar.com.br\/index.php?rest_route=\/wp\/v2\/pages\/290","targetHints":{"allow":["GET"]}}],"collection":[{"href":"https:\/\/rjdhospitalar.com.br\/index.php?rest_route=\/wp\/v2\/pages"}],"about":[{"href":"https:\/\/rjdhospitalar.com.br\/index.php?rest_route=\/wp\/v2\/types\/page"}],"author":[{"embeddable":true,"href":"https:\/\/rjdhospitalar.com.br\/index.php?rest_route=\/wp\/v2\/users\/1"}],"replies":[{"embeddable":true,"href":"https:\/\/rjdhospitalar.com.br\/index.php?rest_route=%2Fwp%2Fv2%2Fcomments&post=290"}],"version-history":[{"count":7,"href":"https:\/\/rjdhospitalar.com.br\/index.php?rest_route=\/wp\/v2\/pages\/290\/revisions"}],"predecessor-version":[{"id":365,"href":"https:\/\/rjdhospitalar.com.br\/index.php?rest_route=\/wp\/v2\/pages\/290\/revisions\/365"}],"wp:attachment":[{"href":"https:\/\/rjdhospitalar.com.br\/index.php?rest_route=%2Fwp%2Fv2%2Fmedia&parent=290"}],"curies":[{"name":"wp","href":"https:\/\/api.w.org\/{rel}","templated":true}]}}