{"id":2,"date":"2023-06-29T11:56:49","date_gmt":"2023-06-29T14:56:49","guid":{"rendered":"http:\/\/rjdhospitalar.com.br\/?page_id=2"},"modified":"2025-05-08T15:14:12","modified_gmt":"2025-05-08T18:14:12","slug":"bem-vindos-a-rjd-hospitalar","status":"publish","type":"page","link":"https:\/\/rjdhospitalar.com.br\/","title":{"rendered":"P\u00e1gina Inicial"},"content":{"rendered":"\n<div class=\"blockart-spacing blockart-spacing-0661cfc3\"><div class=\"blockart-spacing-inner\"><\/div><\/div>\n\n\n\n<p style=\"font-size:14px\">Na RJD Hospitalar, oferecemos uma gama de servi\u00e7os especializados para atender \u00e0s demandas do setor hospitalar com a mais alta qualidade e efici\u00eancia. Conhe\u00e7a nossos principais servi\u00e7os:<\/p>\n\n\n\n<ul class=\"wp-block-list\">\n<li style=\"font-size:14px\"><strong>Distribui\u00e7\u00e3o de Fios de Suturas Bioline:<\/strong>&nbsp;Como distribuidor master dos fios de sutura Bioline, garantimos um fornecimento confi\u00e1vel e cont\u00ednuo desse produto essencial. Nossa log\u00edstica eficiente assegura entregas r\u00e1pidas e precisas.<\/li>\n\n\n\n<li style=\"font-size:15px\"><strong>Servi\u00e7o de Atendimento ao Cliente:<\/strong>&nbsp;Nossa equipe est\u00e1 comprometida em fornecer um atendimento ao cliente excepcional. Estamos dispon\u00edveis para responder d\u00favidas, resolver problemas e oferecer suporte cont\u00ednuo.<\/li>\n\n\n\n<li style=\"font-size:15px\"><strong>Log\u00edstica e Entrega R\u00e1pida:<\/strong>&nbsp;Com um sistema de log\u00edstica eficiente, garantimos que nossos produtos cheguem rapidamente a voc\u00ea, minimizando qualquer interrup\u00e7\u00e3o em suas opera\u00e7\u00f5es. A agilidade na entrega \u00e9 uma de nossas principais prioridades.<\/li>\n\n\n\n<li style=\"font-size:15px\"><strong>Inova\u00e7\u00e3o e Melhoria Cont\u00ednua:<\/strong>&nbsp;Estamos constantemente buscando novas tecnologias e processos para melhorar nossos servi\u00e7os e produtos. A inova\u00e7\u00e3o \u00e9 parte integrante do nosso compromisso com a excel\u00eancia.<\/li>\n<\/ul>\n\n\n\n<p style=\"font-size:14px\">Toda equipe RJD tem como lema, comprometimento e respeito total com a sa\u00fade de todos.<\/p>\n\n\n<div class=\"wp-block-image is-style-default\">\n<figure class=\"aligncenter size-full is-resized\"><img loading=\"lazy\" decoding=\"async\" width=\"844\" height=\"319\" src=\"https:\/\/rjdhospitalar.com.br\/wp-content\/uploads\/2025\/05\/sessao-inicial-2.jpg\" alt=\"\" class=\"wp-image-384\" style=\"width:720px;height:auto\" srcset=\"https:\/\/rjdhospitalar.com.br\/wp-content\/uploads\/2025\/05\/sessao-inicial-2.jpg 844w, https:\/\/rjdhospitalar.com.br\/wp-content\/uploads\/2025\/05\/sessao-inicial-2-300x113.jpg 300w, https:\/\/rjdhospitalar.com.br\/wp-content\/uploads\/2025\/05\/sessao-inicial-2-768x290.jpg 768w\" sizes=\"auto, (max-width: 844px) 100vw, 844px\" \/><\/figure>\n<\/div>","protected":false},"excerpt":{"rendered":"<p>Na RJD Hospitalar, oferecemos uma gama de servi\u00e7os especializados para atender \u00e0s demandas do setor hospitalar com a mais alta qualidade e efici\u00eancia. Conhe\u00e7a nossos principais servi\u00e7os: Toda equipe RJD tem como lema, comprometimento e respeito total com a sa\u00fade de todos.<\/p>\n","protected":false},"author":1,"featured_media":0,"parent":0,"menu_order":0,"comment_status":"closed","ping_status":"closed","template":"","meta":{"footnotes":""},"class_list":["post-2","page","type-page","status-publish","hentry"],"_links":{"self":[{"href":"https:\/\/rjdhospitalar.com.br\/index.php?rest_route=\/wp\/v2\/pages\/2","targetHints":{"allow":["GET"]}}],"collection":[{"href":"https:\/\/rjdhospitalar.com.br\/index.php?rest_route=\/wp\/v2\/pages"}],"about":[{"href":"https:\/\/rjdhospitalar.com.br\/index.php?rest_route=\/wp\/v2\/types\/page"}],"author":[{"embeddable":true,"href":"https:\/\/rjdhospitalar.com.br\/index.php?rest_route=\/wp\/v2\/users\/1"}],"replies":[{"embeddable":true,"href":"https:\/\/rjdhospitalar.com.br\/index.php?rest_route=%2Fwp%2Fv2%2Fcomments&post=2"}],"version-history":[{"count":65,"href":"https:\/\/rjdhospitalar.com.br\/index.php?rest_route=\/wp\/v2\/pages\/2\/revisions"}],"predecessor-version":[{"id":396,"href":"https:\/\/rjdhospitalar.com.br\/index.php?rest_route=\/wp\/v2\/pages\/2\/revisions\/396"}],"wp:attachment":[{"href":"https:\/\/rjdhospitalar.com.br\/index.php?rest_route=%2Fwp%2Fv2%2Fmedia&parent=2"}],"curies":[{"name":"wp","href":"https:\/\/api.w.org\/{rel}","templated":true}]}}