{"id":188,"date":"2025-04-28T12:52:38","date_gmt":"2025-04-28T15:52:38","guid":{"rendered":"https:\/\/rjdhospitalar.com.br\/?page_id=188"},"modified":"2025-05-06T12:29:24","modified_gmt":"2025-05-06T15:29:24","slug":"fale-conosco","status":"publish","type":"page","link":"https:\/\/rjdhospitalar.com.br\/?page_id=188","title":{"rendered":"Fale Conosco"},"content":{"rendered":"\n<p style=\"font-size:18px\"><strong>Tem d\u00favidas, sugest\u00f5es ou reclama\u00e7\u00f5es? Estamos \u00e0 disposi\u00e7\u00e3o para ouvir voc\u00ea!<\/strong><\/p>\n\n\n\n<div class=\"container\" id=\"contact\" style=\"font-size: 14px;\">\n    <p style=\"font-size: 14px;\">Email: <a href=\"mailto:rjdhospitalar@outlook.com\">rjdhospitalar@outlook.com<\/a><\/p>\n    <p style=\"font-size: 14px;\">Telefone: (21) 3274-1761 \/ 2501-5490<\/p>\n    <form action=\"mailto:rjdhospitalar@outlook.com\" method=\"post\" enctype=\"text\/plain\">\n        <label for=\"name\"><p style=\"font-size: 14px;\">Nome:   <\/p><\/label>\n        <input type=\"text\" id=\"name\" name=\"name\" required>\n        <div class=\"container\" id=\"contact\" style=\"font-size: 14px;\">\n        <label for=\"email\"><p style=\"font-size: 14px;\">Email:<\/p><\/label>\n        <input type=\"email\" id=\"email\" name=\"email\" required>\n        \n        <label for=\"message\"><p style=\"font-size: 14px;\">Mensagem:<\/p><\/label>\n        <textarea id=\"message\" name=\"message\" rows=\"4\" required><\/textarea>\n        \n        <button type=\"submit\">Enviar<\/button>\n    <\/form>\n<\/div>\n\n\n\n<!DOCTYPE html>\n<html lang=\"pt-BR\">\n<head>\n  <meta charset=\"UTF-8\">\n  <title>Mapa<\/title>\n<\/head>\n<body>\n<br>\n  <h3><p style=\"font-size: 18px;\">Localiza\u00e7\u00e3o<\/p><\/h3>\n    <p style=\"font-size: 14px;\">\n    Rua Marechal Bittencourt, 71 &#8211; Riachuelo &#8211; Rio de Janeiro \u2014 RJ \u2013 CEP: 20950-200\n  <\/p>\n  <div style=\"width: 350px; height: 350px;\">\n    <iframe\n      width=\"350\"\n      height=\"350\"\n      style=\"border:0\"\n      loading=\"lazy\"\n      allowfullscreen\n      referrerpolicy=\"no-referrer-when-downgrade\"\n      src=\"https:\/\/www.google.com\/maps\/embed?pb=!1m18!1m12!1m3!1d3675.165048393802!2d-43.2560565!3d-22.9032998!2m3!1f0!2f0!3f0!3m2!1i1024!2i768!4f13.1!3m3!1m2!1s0x997dd419809607%3A0xceaaa11c1e60545d!2sR.%20Mal.%20Bittencourt%2C%2071%20-%20Riachuelo%2C%20Rio%20de%20Janeiro%20-%20RJ%2C%2020950-200!5e0!3m2!1spt-BR!2sbr!4v1714325093521!5m2!1spt-BR!2sbr\">\n    <\/iframe>\n  <\/div>\n<\/body>\n<\/html>\n","protected":false},"excerpt":{"rendered":"<p>Tem d\u00favidas, sugest\u00f5es ou reclama\u00e7\u00f5es? Estamos \u00e0 disposi\u00e7\u00e3o para ouvir voc\u00ea! Email: rjdhospitalar@outlook.com Telefone: (21) 3274-1761 \/ 2501-5490 Nome: Email: Mensagem: Enviar Mapa Localiza\u00e7\u00e3o Rua Marechal Bittencourt, 71 &#8211; Riachuelo &#8211; Rio de Janeiro \u2014 RJ \u2013 CEP: 20950-200<\/p>\n","protected":false},"author":1,"featured_media":0,"parent":0,"menu_order":2,"comment_status":"closed","ping_status":"closed","template":"","meta":{"footnotes":""},"class_list":["post-188","page","type-page","status-publish","hentry"],"_links":{"self":[{"href":"https:\/\/rjdhospitalar.com.br\/index.php?rest_route=\/wp\/v2\/pages\/188","targetHints":{"allow":["GET"]}}],"collection":[{"href":"https:\/\/rjdhospitalar.com.br\/index.php?rest_route=\/wp\/v2\/pages"}],"about":[{"href":"https:\/\/rjdhospitalar.com.br\/index.php?rest_route=\/wp\/v2\/types\/page"}],"author":[{"embeddable":true,"href":"https:\/\/rjdhospitalar.com.br\/index.php?rest_route=\/wp\/v2\/users\/1"}],"replies":[{"embeddable":true,"href":"https:\/\/rjdhospitalar.com.br\/index.php?rest_route=%2Fwp%2Fv2%2Fcomments&post=188"}],"version-history":[{"count":18,"href":"https:\/\/rjdhospitalar.com.br\/index.php?rest_route=\/wp\/v2\/pages\/188\/revisions"}],"predecessor-version":[{"id":379,"href":"https:\/\/rjdhospitalar.com.br\/index.php?rest_route=\/wp\/v2\/pages\/188\/revisions\/379"}],"wp:attachment":[{"href":"https:\/\/rjdhospitalar.com.br\/index.php?rest_route=%2Fwp%2Fv2%2Fmedia&parent=188"}],"curies":[{"name":"wp","href":"https:\/\/api.w.org\/{rel}","templated":true}]}}